{"id":28,"date":"2022-10-14T00:12:01","date_gmt":"2022-10-14T03:12:01","guid":{"rendered":"http:\/\/jogosnoandroid.com\/?page_id=28"},"modified":"2026-04-07T09:13:32","modified_gmt":"2026-04-07T09:13:32","slug":"about","status":"publish","type":"page","link":"https:\/\/jogosnoandroid.com\/ru\/about\/","title":{"rendered":"\u041e \u043d\u0430\u0441"},"content":{"rendered":"<div class=\"mx-5 sm:mx-0 prose leading-relaxed text-lg mb-5 text-left wp-paragraph\">\n<p>Jogos No Android \u2014 \u044d\u0442\u043e \u0438\u043d\u0444\u043e\u0440\u043c\u0430\u0446\u0438\u043e\u043d\u043d\u044b\u0439 \u043f\u043e\u0440\u0442\u0430\u043b, \u043e\u0431\u044a\u0435\u0434\u0438\u043d\u044f\u044e\u0449\u0438\u0439 \u0441\u0430\u043c\u044b\u0439 \u0438\u043d\u0442\u0435\u0440\u0435\u0441\u043d\u044b\u0439 \u0438 \u0430\u043a\u0442\u0443\u0430\u043b\u044c\u043d\u044b\u0439 \u043a\u043e\u043d\u0442\u0435\u043d\u0442 \u0432 \u0446\u0438\u0444\u0440\u043e\u0432\u043e\u043c \u043f\u0440\u043e\u0441\u0442\u0440\u0430\u043d\u0441\u0442\u0432\u0435. \u041c\u044b \u0441\u043e\u0437\u0434\u0430\u043b\u0438 \u044d\u0442\u043e \u043f\u0440\u043e\u0441\u0442\u0440\u0430\u043d\u0441\u0442\u0432\u043e \u0434\u043b\u044f \u0442\u0435\u0445, \u043a\u0442\u043e \u0445\u043e\u0447\u0435\u0442 \u0431\u044b\u0442\u044c \u0432 \u043a\u0443\u0440\u0441\u0435 \u0432\u0441\u0435\u0433\u043e, \u0447\u0442\u043e \u0443\u043f\u0440\u043e\u0449\u0430\u0435\u0442 \u0438\u0445 \u043f\u043e\u0432\u0441\u0435\u0434\u043d\u0435\u0432\u043d\u0443\u044e \u0436\u0438\u0437\u043d\u044c, \u0440\u0430\u0437\u0432\u043b\u0435\u043a\u0430\u0435\u0442 \u0438 \u0434\u0430\u0440\u0438\u0442 \u043d\u0435\u043c\u043d\u043e\u0433\u043e \u0440\u0430\u0434\u043e\u0441\u0442\u0438. \u0417\u0434\u0435\u0441\u044c \u0432\u044b \u043d\u0430\u0439\u0434\u0435\u0442\u0435 \u0432\u0441\u0435 \u043e \u043f\u043e\u043b\u0435\u0437\u043d\u044b\u0445 \u043f\u0440\u0438\u043b\u043e\u0436\u0435\u043d\u0438\u044f\u0445, \u0443\u0432\u043b\u0435\u043a\u0430\u0442\u0435\u043b\u044c\u043d\u044b\u0445 \u0438\u0433\u0440\u0430\u0445 \u0438 \u043a\u043e\u043d\u0442\u0435\u043d\u0442\u0435, \u043e\u0440\u0438\u0435\u043d\u0442\u0438\u0440\u043e\u0432\u0430\u043d\u043d\u043e\u043c \u043d\u0430 \u0438\u0433\u0440\u043e\u0432\u0443\u044e \u0430\u0443\u0434\u0438\u0442\u043e\u0440\u0438\u044e, \u0432 \u043f\u043e\u043d\u044f\u0442\u043d\u043e\u0439, \u043f\u0440\u044f\u043c\u043e\u0439 \u0438 \u043f\u0440\u043e\u0441\u0442\u043e\u0439 \u0444\u043e\u0440\u043c\u0435.<\/p>\n<\/div><div class=\"mx-5 sm:mx-0 prose leading-relaxed text-lg mb-5 text-left wp-paragraph\">\n<p>\u041d\u0430\u0448\u0430 \u0446\u0435\u043b\u044c \u0432\u044b\u0445\u043e\u0434\u0438\u0442 \u0437\u0430 \u0440\u0430\u043c\u043a\u0438 \u043f\u0440\u043e\u0441\u0442\u043e\u0433\u043e \u043f\u0435\u0440\u0435\u0447\u0438\u0441\u043b\u0435\u043d\u0438\u044f \u043d\u043e\u0432\u044b\u0445 \u0444\u0443\u043d\u043a\u0446\u0438\u0439. \u041c\u044b \u0441\u0442\u0440\u0435\u043c\u0438\u043c\u0441\u044f \u0430\u043d\u0430\u043b\u0438\u0437\u0438\u0440\u043e\u0432\u0430\u0442\u044c \u0442\u0435\u043d\u0434\u0435\u043d\u0446\u0438\u0438, \u043e\u0431\u044a\u044f\u0441\u043d\u044f\u0442\u044c \u0444\u0443\u043d\u043a\u0446\u0438\u043e\u043d\u0430\u043b\u044c\u043d\u043e\u0441\u0442\u044c, \u0441\u0440\u0430\u0432\u043d\u0438\u0432\u0430\u0442\u044c \u0432\u0430\u0440\u0438\u0430\u043d\u0442\u044b \u0438 \u043f\u0440\u0435\u0434\u043e\u0441\u0442\u0430\u0432\u043b\u044f\u0442\u044c \u043f\u043e\u043b\u0435\u0437\u043d\u044b\u0439 \u043a\u043e\u043d\u0442\u0435\u043d\u0442. Jogos No Android \u0441\u043e\u0437\u0434\u0430\u043d \u0434\u043b\u044f \u0442\u0435\u0445, \u043a\u0442\u043e \u0445\u043e\u0447\u0435\u0442 \u043d\u0430\u0441\u043b\u0430\u0436\u0434\u0430\u0442\u044c\u0441\u044f \u043b\u0443\u0447\u0448\u0438\u043c\u0438 \u0434\u043e\u0441\u0442\u0438\u0436\u0435\u043d\u0438\u044f\u043c\u0438 \u0442\u0435\u0445\u043d\u043e\u043b\u043e\u0433\u0438\u0439, \u043d\u0435 \u0442\u0440\u0430\u0442\u044f \u0432\u0440\u0435\u043c\u044f \u043d\u0430 \u043e\u0431\u0449\u0443\u044e \u0438\u043d\u0444\u043e\u0440\u043c\u0430\u0446\u0438\u044e \u0438\u043b\u0438 \u043f\u0440\u0435\u0443\u0432\u0435\u043b\u0438\u0447\u0435\u043d\u043d\u044b\u0435 \u043e\u0431\u0435\u0449\u0430\u043d\u0438\u044f.<\/p>\n<\/div><div class=\"mx-5 sm:mx-0 prose leading-relaxed text-lg mb-5 text-left wp-paragraph\">\n<p>\u041c\u044b \u0441\u0442\u0440\u0435\u043c\u0438\u043c\u0441\u044f \u043a \u043a\u0430\u0447\u0435\u0441\u0442\u0432\u0443 \u0438\u043d\u0444\u043e\u0440\u043c\u0430\u0446\u0438\u0438. \u041f\u043e\u044d\u0442\u043e\u043c\u0443 \u043a\u0430\u0436\u0434\u0430\u044f \u043f\u0443\u0431\u043b\u0438\u043a\u0430\u0446\u0438\u044f \u043f\u0440\u043e\u0445\u043e\u0434\u0438\u0442 \u0441\u0442\u0440\u043e\u0433\u0438\u0439 \u043e\u0442\u0431\u043e\u0440, \u043d\u0430\u043f\u0438\u0441\u0430\u043d\u0438\u0435 \u0438 \u0440\u0435\u0446\u0435\u043d\u0437\u0438\u0440\u043e\u0432\u0430\u043d\u0438\u0435, \u0432\u0441\u0435\u0433\u0434\u0430 \u043e\u0441\u043d\u043e\u0432\u044b\u0432\u0430\u044f\u0441\u044c \u043d\u0430 \u0440\u0435\u0430\u043b\u044c\u043d\u043e\u043c \u043e\u043f\u044b\u0442\u0435, \u0434\u043e\u0441\u0442\u043e\u0432\u0435\u0440\u043d\u044b\u0445 \u0438\u0441\u0442\u043e\u0447\u043d\u0438\u043a\u0430\u0445 \u0438 \u043f\u0440\u0438\u0441\u0442\u0430\u043b\u044c\u043d\u043e\u043c \u0432\u043d\u0438\u043c\u0430\u043d\u0438\u0438 \u043a \u043f\u0440\u0430\u043a\u0442\u0438\u0447\u0435\u0441\u043a\u0438\u043c \u043f\u043e\u0442\u0440\u0435\u0431\u043d\u043e\u0441\u0442\u044f\u043c \u043d\u0430\u0448\u0438\u0445 \u0447\u0438\u0442\u0430\u0442\u0435\u043b\u0435\u0439.<\/p>\n<\/div><!--advertisement--><div class=\"mx-5 sm:mx-0 sm:text-3xl text-2xl font-medium title-font mb-4 text-gray-900 text-left\">\n<h2 class=\"wp-block-heading\">\u0427\u0442\u043e \u0432\u044b \u0437\u0434\u0435\u0441\u044c \u043d\u0430\u0439\u0434\u0435\u0442\u0435<\/h2>\n<\/div><div class=\"mx-5 sm:mx-0 prose leading-relaxed text-lg mb-5 text-left wp-paragraph\">\n<p>\u041c\u044b \u043e\u0440\u0433\u0430\u043d\u0438\u0437\u0443\u0435\u043c \u043d\u0430\u0448 \u043a\u043e\u043d\u0442\u0435\u043d\u0442 \u0441 \u0447\u0430\u0441\u0442\u044b\u043c\u0438 \u043e\u0431\u043d\u043e\u0432\u043b\u0435\u043d\u0438\u044f\u043c\u0438 \u0438 \u0430\u043a\u0446\u0435\u043d\u0442\u043e\u043c \u043d\u0430 \u0430\u043a\u0442\u0443\u0430\u043b\u044c\u043d\u043e\u0441\u0442\u044c:<\/p>\n<\/div><div class=\"mx-5 sm:mx-0 prose leading-relaxed text-lg mb-5 text-left wp-paragraph\">\n<p><strong>\u041f\u0440\u0438\u043b\u043e\u0436\u0435\u043d\u0438\u044f, \u043a\u043e\u0442\u043e\u0440\u044b\u0435 \u043e\u0431\u043b\u0435\u0433\u0447\u0430\u0442 \u0432\u0430\u0448\u0443 \u043f\u043e\u0432\u0441\u0435\u0434\u043d\u0435\u0432\u043d\u0443\u044e \u0436\u0438\u0437\u043d\u044c.<\/strong><\/p>\n<\/div><div class=\"mx-5 sm:mx-0 prose leading-relaxed text-lg mb-5 text-left wp-paragraph\">\n<p>\u041c\u044b \u043e\u0442\u043e\u0431\u0440\u0430\u043b\u0438 \u043b\u0443\u0447\u0448\u0438\u0435 \u043f\u0440\u0438\u043b\u043e\u0436\u0435\u043d\u0438\u044f \u0434\u043b\u044f \u0440\u0430\u0437\u043d\u044b\u0445 \u0446\u0435\u043b\u0435\u0439: \u043b\u0438\u0447\u043d\u044b\u0439 \u043e\u0440\u0433\u0430\u043d\u0430\u0439\u0437\u0435\u0440, \u0437\u0434\u043e\u0440\u043e\u0432\u044c\u0435, \u0444\u0438\u043d\u0430\u043d\u0441\u044b, \u043f\u0440\u043e\u0434\u0443\u043a\u0442\u0438\u0432\u043d\u043e\u0441\u0442\u044c, \u0444\u043e\u0442\u043e\u0433\u0440\u0430\u0444\u0438\u044f, \u0431\u0435\u0437\u043e\u043f\u0430\u0441\u043d\u043e\u0441\u0442\u044c, \u043e\u0431\u0440\u0430\u0437\u043e\u0432\u0430\u043d\u0438\u0435 \u0438 \u043c\u043d\u043e\u0433\u043e\u0435 \u0434\u0440\u0443\u0433\u043e\u0435. \u041d\u0430\u0448\u0430 \u0446\u0435\u043b\u044c \u2014 \u043f\u043e\u043c\u043e\u0447\u044c \u0432\u0430\u043c \u043f\u0440\u0435\u0432\u0440\u0430\u0442\u0438\u0442\u044c \u043c\u043e\u0431\u0438\u043b\u044c\u043d\u044b\u0439 \u0442\u0435\u043b\u0435\u0444\u043e\u043d \u0432 \u043f\u0440\u0430\u043a\u0442\u0438\u0447\u043d\u043e\u0433\u043e \u043f\u043e\u043c\u043e\u0449\u043d\u0438\u043a\u0430 \u0432 \u043f\u043e\u0432\u0441\u0435\u0434\u043d\u0435\u0432\u043d\u043e\u0439 \u0436\u0438\u0437\u043d\u0438, \u043f\u0440\u0435\u0434\u043b\u043e\u0436\u0438\u0432 \u043f\u043e\u043b\u0435\u0437\u043d\u044b\u0435 \u0438 \u043f\u0440\u043e\u0441\u0442\u044b\u0435 \u0432 \u0438\u0441\u043f\u043e\u043b\u044c\u0437\u043e\u0432\u0430\u043d\u0438\u0438 \u0438\u043d\u0441\u0442\u0440\u0443\u043c\u0435\u043d\u0442\u044b \u0441 \u043d\u0430\u0433\u043b\u044f\u0434\u043d\u044b\u043c \u0430\u043d\u0430\u043b\u0438\u0437\u043e\u043c \u0438\u0445 \u043f\u0440\u0435\u0438\u043c\u0443\u0449\u0435\u0441\u0442\u0432 \u0438 \u043e\u0433\u0440\u0430\u043d\u0438\u0447\u0435\u043d\u0438\u0439.<\/p>\n<\/div><div class=\"mx-5 sm:mx-0 prose leading-relaxed text-lg mb-5 text-left wp-paragraph\">\n<p><strong>\u041e\u043d\u043b\u0430\u0439\u043d-\u0438\u0433\u0440\u044b \u043d\u0430 \u043b\u044e\u0431\u043e\u0439 \u0432\u043a\u0443\u0441<\/strong><\/p>\n<\/div><div class=\"mx-5 sm:mx-0 prose leading-relaxed text-lg mb-5 text-left wp-paragraph\">\n<p>\u041e\u0442 \u0441\u0430\u043c\u044b\u0445 \u043b\u0451\u0433\u043a\u0438\u0445 \u0438 \u043a\u0430\u0437\u0443\u0430\u043b\u044c\u043d\u044b\u0445 \u0438\u0433\u0440 \u0434\u043e \u0441\u0430\u043c\u044b\u0445 \u0437\u0430\u0445\u0432\u0430\u0442\u044b\u0432\u0430\u044e\u0449\u0438\u0445 \u043e\u043d\u043b\u0430\u0439\u043d-\u0438\u0433\u0440 \u2014 \u043c\u044b \u043f\u0440\u0435\u0434\u043b\u0430\u0433\u0430\u0435\u043c \u0440\u0435\u043a\u043e\u043c\u0435\u043d\u0434\u0430\u0446\u0438\u0438 \u0434\u043b\u044f \u0442\u0435\u0445, \u043a\u0442\u043e \u0438\u0449\u0435\u0442 \u043d\u0430\u0441\u0442\u043e\u044f\u0449\u0435\u0435 \u0443\u0434\u043e\u0432\u043e\u043b\u044c\u0441\u0442\u0432\u0438\u0435 \u043d\u0430 Android. \u041c\u044b \u0432\u044b\u0434\u0435\u043b\u044f\u0435\u043c \u0434\u043e\u0441\u0442\u043e\u0439\u043d\u044b\u0435 \u0431\u0435\u0441\u043f\u043b\u0430\u0442\u043d\u044b\u0435 \u0438 \u043f\u043b\u0430\u0442\u043d\u044b\u0435 \u0438\u0433\u0440\u044b, \u043e\u0431\u044a\u044f\u0441\u043d\u044f\u0435\u043c \u043c\u0435\u0445\u0430\u043d\u0438\u043a\u0443, \u0434\u0430\u0451\u043c \u0441\u043e\u0432\u0435\u0442\u044b \u043f\u043e \u0438\u0433\u0440\u0435 \u0438 \u0441\u043e\u0431\u0438\u0440\u0430\u0435\u043c \u043b\u0443\u0447\u0448\u0438\u0435 \u0438\u0433\u0440\u044b \u0432 \u0442\u0430\u043a\u0438\u0445 \u0436\u0430\u043d\u0440\u0430\u0445, \u043a\u0430\u043a \u044d\u043a\u0448\u0435\u043d, \u0433\u043e\u043d\u043a\u0438, RPG, \u0433\u043e\u043b\u043e\u0432\u043e\u043b\u043e\u043c\u043a\u0438, \u043c\u043d\u043e\u0433\u043e\u043f\u043e\u043b\u044c\u0437\u043e\u0432\u0430\u0442\u0435\u043b\u044c\u0441\u043a\u0438\u0435 \u0438\u0433\u0440\u044b, \u0441\u0438\u043c\u0443\u043b\u044f\u0442\u043e\u0440\u044b \u0438 \u043c\u043d\u043e\u0433\u0438\u0435 \u0434\u0440\u0443\u0433\u0438\u0435.<\/p>\n<\/div><!--advertisement--><div class=\"mx-5 sm:mx-0 sm:text-3xl text-2xl font-medium title-font mb-4 text-gray-900 text-left\">\n<h2 class=\"wp-block-heading\">\u041d\u0430\u0448\u0430 \u043f\u0440\u0438\u0432\u0435\u0440\u0436\u0435\u043d\u043d\u043e\u0441\u0442\u044c \u0438\u043d\u0444\u043e\u0440\u043c\u0430\u0446\u0438\u0438<\/h2>\n<\/div><div class=\"mx-5 sm:mx-0 prose leading-relaxed text-lg mb-5 text-left wp-paragraph\">\n<p>\u0421\u0430\u0439\u0442 Android Games \u043d\u0435 \u043f\u0440\u043e\u0434\u0432\u0438\u0433\u0430\u0435\u0442 \u0431\u0440\u0435\u043d\u0434\u044b \u0438 \u043d\u0435 \u0440\u0430\u0437\u043c\u0435\u0449\u0430\u0435\u0442 \u0441\u043a\u0440\u044b\u0442\u0443\u044e \u0440\u0435\u043a\u043b\u0430\u043c\u0443. \u0412\u0435\u0441\u044c \u043f\u0443\u0431\u043b\u0438\u043a\u0443\u0435\u043c\u044b\u0439 \u0437\u0434\u0435\u0441\u044c \u043a\u043e\u043d\u0442\u0435\u043d\u0442 \u043e\u0442\u0431\u0438\u0440\u0430\u0435\u0442\u0441\u044f \u0440\u0435\u0434\u0430\u043a\u0446\u0438\u043e\u043d\u043d\u043e\u0439 \u043d\u0435\u0437\u0430\u0432\u0438\u0441\u0438\u043c\u043e\u0441\u0442\u044c\u044e \u0438 \u0441\u043e\u0437\u0434\u0430\u0451\u0442\u0441\u044f \u043e\u0442\u0432\u0435\u0442\u0441\u0442\u0432\u0435\u043d\u043d\u043e, \u0441 \u0443\u0447\u0451\u0442\u043e\u043c \u0442\u043e\u0433\u043e, \u0447\u0442\u043e \u0434\u0435\u0439\u0441\u0442\u0432\u0438\u0442\u0435\u043b\u044c\u043d\u043e \u0438\u043c\u0435\u0435\u0442 \u0441\u043c\u044b\u0441\u043b \u0434\u043b\u044f \u0442\u0435\u0445, \u043a\u0442\u043e \u0438\u0449\u0435\u0442 \u043f\u0440\u0430\u043a\u0442\u0438\u0447\u0435\u0441\u043a\u043e\u0435 \u0440\u0443\u043a\u043e\u0432\u043e\u0434\u0441\u0442\u0432\u043e, \u043d\u0430\u0434\u0451\u0436\u043d\u043e\u0435 \u0440\u0430\u0437\u0432\u043b\u0435\u0447\u0435\u043d\u0438\u0435 \u0438\u043b\u0438 \u043f\u043e\u043b\u0435\u0437\u043d\u044b\u0435 \u0437\u043d\u0430\u043d\u0438\u044f.<\/p>\n<\/div><div class=\"mx-5 sm:mx-0 prose leading-relaxed text-lg mb-5 text-left wp-paragraph\">\n<p>\u041c\u044b \u043d\u0435 \u043f\u0440\u043e\u0434\u0430\u0435\u043c \u0431\u044b\u0441\u0442\u0440\u044b\u0435 \u0440\u0435\u0448\u0435\u043d\u0438\u044f. \u041c\u044b \u0441\u0447\u0438\u0442\u0430\u0435\u043c, \u0447\u0442\u043e \u043b\u0443\u0447\u0448\u0438\u0439 \u0446\u0438\u0444\u0440\u043e\u0432\u043e\u0439 \u043e\u043f\u044b\u0442 \u2014 \u044d\u0442\u043e \u0442\u043e\u0442, \u043a\u043e\u0442\u043e\u0440\u044b\u0439 \u0443\u0432\u0430\u0436\u0430\u0435\u0442 \u0432\u0440\u0435\u043c\u044f \u0447\u0438\u0442\u0430\u0442\u0435\u043b\u044f, \u043f\u0440\u0435\u0434\u043e\u0441\u0442\u0430\u0432\u043b\u044f\u0435\u0442 \u043f\u0440\u0430\u0432\u0434\u0438\u0432\u0443\u044e \u0438\u043d\u0444\u043e\u0440\u043c\u0430\u0446\u0438\u044e \u0438 \u043f\u043e\u043c\u043e\u0433\u0430\u0435\u0442 \u0435\u043c\u0443 \u043f\u0440\u0438\u043d\u0438\u043c\u0430\u0442\u044c \u043f\u0440\u0430\u0432\u0438\u043b\u044c\u043d\u044b\u0435 \u0440\u0435\u0448\u0435\u043d\u0438\u044f \u2014 \u0431\u0443\u0434\u044c \u0442\u043e \u0443\u0441\u0442\u0430\u043d\u043e\u0432\u043a\u0430 \u043f\u0440\u0438\u043b\u043e\u0436\u0435\u043d\u0438\u044f \u0438\u043b\u0438 \u0432\u044b\u0431\u043e\u0440 \u0438\u0433\u0440\u044b \u0434\u043b\u044f \u043e\u0442\u0434\u044b\u0445\u0430.<\/p>\n<\/div>","protected":false},"excerpt":{"rendered":"<p>O Jogos No Android \u00e9 um portal informativo que une o que h\u00e1 de mais interessante e relevante no ambiente digital. Criamos este espa\u00e7o para quem gosta de estar por dentro de tudo o que facilita a rotina, diverte e tamb\u00e9m oferece um toque de entretenimento. Aqui, voc\u00ea vai encontrar tudo sobre apps \u00fateis, jogos&hellip; <a class=\"more-link\" href=\"https:\/\/jogosnoandroid.com\/ru\/about\/\">Continue reading <span class=\"screen-reader-text\">\u041e \u043d\u0430\u0441<\/span><\/a><\/p>","protected":false},"author":26,"featured_media":0,"parent":0,"menu_order":0,"comment_status":"closed","ping_status":"closed","template":"","meta":{"footnotes":""},"yoast_head":"<!-- This site is optimized with the Yoast SEO plugin v23.3 - https:\/\/yoast.com\/wordpress\/plugins\/seo\/ -->\n<title>Sobre N\u00f3s - Jogos no Android<\/title>\n<meta name=\"robots\" content=\"index, follow, max-snippet:-1, max-image-preview:large, max-video-preview:-1\" \/>\n<link rel=\"canonical\" href=\"https:\/\/jogosnoandroid.com\/ru\/about\/\" \/>\n<meta property=\"og:locale\" content=\"ru_RU\" \/>\n<meta property=\"og:type\" content=\"article\" \/>\n<meta property=\"og:title\" content=\"Sobre N\u00f3s - Jogos no Android\" \/>\n<meta property=\"og:description\" content=\"O Jogos No Android \u00e9 um portal informativo que une o que h\u00e1 de mais interessante e relevante no ambiente digital. Criamos este espa\u00e7o para quem gosta de estar por dentro de tudo o que facilita a rotina, diverte e tamb\u00e9m oferece um toque de entretenimento. Aqui, voc\u00ea vai encontrar tudo sobre apps \u00fateis, jogos&hellip; Continue reading Sobre N\u00f3s\" \/>\n<meta property=\"og:url\" content=\"https:\/\/jogosnoandroid.com\/ru\/about\/\" \/>\n<meta property=\"og:site_name\" content=\"Jogos no Android\" \/>\n<meta property=\"article:modified_time\" content=\"2026-04-07T09:13:32+00:00\" \/>\n<meta name=\"twitter:card\" content=\"summary_large_image\" \/>\n<meta name=\"twitter:label1\" content=\"Est. reading time\" \/>\n\t<meta name=\"twitter:data1\" content=\"3 \u043c\u0438\u043d\u0443\u0442\u044b\" \/>\n<script type=\"application\/ld+json\" class=\"yoast-schema-graph\">{\"@context\":\"https:\/\/schema.org\",\"@graph\":[{\"@type\":\"WebPage\",\"@id\":\"https:\/\/jogosnoandroid.com\/about\/\",\"url\":\"https:\/\/jogosnoandroid.com\/about\/\",\"name\":\"Sobre N\u00f3s - Jogos no Android\",\"isPartOf\":{\"@id\":\"https:\/\/jogosnoandroid.com\/#website\"},\"datePublished\":\"2022-10-14T03:12:01+00:00\",\"dateModified\":\"2026-04-07T09:13:32+00:00\",\"breadcrumb\":{\"@id\":\"https:\/\/jogosnoandroid.com\/about\/#breadcrumb\"},\"inLanguage\":\"ru-RU\",\"potentialAction\":[{\"@type\":\"ReadAction\",\"target\":[\"https:\/\/jogosnoandroid.com\/about\/\"]}]},{\"@type\":\"BreadcrumbList\",\"@id\":\"https:\/\/jogosnoandroid.com\/about\/#breadcrumb\",\"itemListElement\":[{\"@type\":\"ListItem\",\"position\":1,\"name\":\"Home\",\"item\":\"https:\/\/jogosnoandroid.com\/\"},{\"@type\":\"ListItem\",\"position\":2,\"name\":\"Sobre N\u00f3s\"}]},{\"@type\":\"WebSite\",\"@id\":\"https:\/\/jogosnoandroid.com\/#website\",\"url\":\"https:\/\/jogosnoandroid.com\/\",\"name\":\"Jogos no Android\",\"description\":\"\",\"potentialAction\":[{\"@type\":\"SearchAction\",\"target\":{\"@type\":\"EntryPoint\",\"urlTemplate\":\"https:\/\/jogosnoandroid.com\/?s={search_term_string}\"},\"query-input\":\"required name=search_term_string\"}],\"inLanguage\":\"ru-RU\"}]}<\/script>\n<!-- \/ Yoast SEO plugin. -->","yoast_head_json":{"title":"Sobre N\u00f3s - Jogos no Android","robots":{"index":"index","follow":"follow","max-snippet":"max-snippet:-1","max-image-preview":"max-image-preview:large","max-video-preview":"max-video-preview:-1"},"canonical":"https:\/\/jogosnoandroid.com\/ru\/about\/","og_locale":"ru_RU","og_type":"article","og_title":"Sobre N\u00f3s - Jogos no Android","og_description":"O Jogos No Android \u00e9 um portal informativo que une o que h\u00e1 de mais interessante e relevante no ambiente digital. Criamos este espa\u00e7o para quem gosta de estar por dentro de tudo o que facilita a rotina, diverte e tamb\u00e9m oferece um toque de entretenimento. Aqui, voc\u00ea vai encontrar tudo sobre apps \u00fateis, jogos&hellip; Continue reading Sobre N\u00f3s","og_url":"https:\/\/jogosnoandroid.com\/ru\/about\/","og_site_name":"Jogos no Android","article_modified_time":"2026-04-07T09:13:32+00:00","twitter_card":"summary_large_image","twitter_misc":{"Est. reading time":"3 \u043c\u0438\u043d\u0443\u0442\u044b"},"schema":{"@context":"https:\/\/schema.org","@graph":[{"@type":"WebPage","@id":"https:\/\/jogosnoandroid.com\/about\/","url":"https:\/\/jogosnoandroid.com\/about\/","name":"Sobre N\u00f3s - Jogos no Android","isPartOf":{"@id":"https:\/\/jogosnoandroid.com\/#website"},"datePublished":"2022-10-14T03:12:01+00:00","dateModified":"2026-04-07T09:13:32+00:00","breadcrumb":{"@id":"https:\/\/jogosnoandroid.com\/about\/#breadcrumb"},"inLanguage":"ru-RU","potentialAction":[{"@type":"ReadAction","target":["https:\/\/jogosnoandroid.com\/about\/"]}]},{"@type":"BreadcrumbList","@id":"https:\/\/jogosnoandroid.com\/about\/#breadcrumb","itemListElement":[{"@type":"ListItem","position":1,"name":"Home","item":"https:\/\/jogosnoandroid.com\/"},{"@type":"ListItem","position":2,"name":"Sobre N\u00f3s"}]},{"@type":"WebSite","@id":"https:\/\/jogosnoandroid.com\/#website","url":"https:\/\/jogosnoandroid.com\/","name":"Jogos no Android","description":"","potentialAction":[{"@type":"SearchAction","target":{"@type":"EntryPoint","urlTemplate":"https:\/\/jogosnoandroid.com\/?s={search_term_string}"},"query-input":"required name=search_term_string"}],"inLanguage":"ru-RU"}]}},"_links":{"self":[{"href":"https:\/\/jogosnoandroid.com\/ru\/wp-json\/wp\/v2\/pages\/28"}],"collection":[{"href":"https:\/\/jogosnoandroid.com\/ru\/wp-json\/wp\/v2\/pages"}],"about":[{"href":"https:\/\/jogosnoandroid.com\/ru\/wp-json\/wp\/v2\/types\/page"}],"author":[{"embeddable":true,"href":"https:\/\/jogosnoandroid.com\/ru\/wp-json\/wp\/v2\/users\/26"}],"replies":[{"embeddable":true,"href":"https:\/\/jogosnoandroid.com\/ru\/wp-json\/wp\/v2\/comments?post=28"}],"version-history":[{"count":8,"href":"https:\/\/jogosnoandroid.com\/ru\/wp-json\/wp\/v2\/pages\/28\/revisions"}],"predecessor-version":[{"id":15558,"href":"https:\/\/jogosnoandroid.com\/ru\/wp-json\/wp\/v2\/pages\/28\/revisions\/15558"}],"wp:attachment":[{"href":"https:\/\/jogosnoandroid.com\/ru\/wp-json\/wp\/v2\/media?parent=28"}],"curies":[{"name":"wp","href":"https:\/\/api.w.org\/{rel}","templated":true}]}}