{"id":28,"date":"2022-10-14T00:12:01","date_gmt":"2022-10-14T03:12:01","guid":{"rendered":"http:\/\/jogosnoandroid.com\/?page_id=28"},"modified":"2026-04-07T09:13:32","modified_gmt":"2026-04-07T09:13:32","slug":"about","status":"publish","type":"page","link":"https:\/\/jogosnoandroid.com\/ca\/about\/","title":{"rendered":"About Us"},"content":{"rendered":"<div class=\"mx-5 sm:mx-0 prose leading-relaxed text-lg mb-5 text-left wp-paragraph\">\n<p>O Jogos No Android \u00e9 um portal informativo que une o que h\u00e1 de mais interessante e relevante no ambiente digital. Criamos este espa\u00e7o para quem gosta de estar por dentro de tudo o que facilita a rotina, diverte e tamb\u00e9m oferece um toque de entretenimento. Aqui, voc\u00ea vai encontrar tudo sobre apps \u00fateis, jogos envolventes e conte\u00fados voltados ao universo gamer, com uma abordagem clara, direta e sem complica\u00e7\u00f5es.<\/p>\n<\/div><div class=\"mx-5 sm:mx-0 prose leading-relaxed text-lg mb-5 text-left wp-paragraph\">\n<p>Nosso objetivo vai al\u00e9m de listar novidades. Buscamos interpretar tend\u00eancias, explicar funcionalidades, comparar op\u00e7\u00f5es e entregar conte\u00fado com prop\u00f3sito. O Jogos No Android \u00e9 feito para quem quer aproveitar o melhor da tecnologia, sem perder tempo com informa\u00e7\u00f5es gen\u00e9ricas ou promessas exageradas.<\/p>\n<\/div><div class=\"mx-5 sm:mx-0 prose leading-relaxed text-lg mb-5 text-left wp-paragraph\">\n<p>We&#039;re committed to quality information. Therefore, each publication undergoes a careful selection, writing, and review process, always based on real-world experiences, reliable sources, and a keen eye for our readers&#039; practical needs.<\/p>\n<\/div><!--advertisement--><div class=\"mx-5 sm:mx-0 sm:text-3xl text-2xl font-medium title-font mb-4 text-gray-900 text-left\">\n<h2 class=\"wp-block-heading\">What You Find Here<\/h2>\n<\/div><div class=\"mx-5 sm:mx-0 prose leading-relaxed text-lg mb-5 text-left wp-paragraph\">\n<p>Organizamos nosso conte\u00fado com atualiza\u00e7\u00f5es frequentes e foco em relev\u00e2ncia:<\/p>\n<\/div><div class=\"mx-5 sm:mx-0 prose leading-relaxed text-lg mb-5 text-left wp-paragraph\">\n<p><strong>Apps to make your routine easier<\/strong><\/p>\n<\/div><div class=\"mx-5 sm:mx-0 prose leading-relaxed text-lg mb-5 text-left wp-paragraph\">\n<p>We&#039;ve selected the best apps for different purposes: personal organization, health, finance, productivity, photography, security, education, and more. The idea is to help you transform your phone into a practical ally in your daily life, recommending useful and easy-to-use tools, with transparent analyses of their strengths and limitations.<\/p>\n<\/div><div class=\"mx-5 sm:mx-0 prose leading-relaxed text-lg mb-5 text-left wp-paragraph\">\n<p><strong>Online games for all tastes<\/strong><\/p>\n<\/div><div class=\"mx-5 sm:mx-0 prose leading-relaxed text-lg mb-5 text-left wp-paragraph\">\n<p>From lighter, more casual titles to more engaging online games, we offer recommendations for those looking for real fun on Android. We point out worthwhile free and paid games, explain mechanics, offer performance tips, and round up highlights from genres like action, racing, RPGs, puzzles, multiplayer, simulation, and more.<\/p>\n<\/div><!--advertisement--><div class=\"mx-5 sm:mx-0 sm:text-3xl text-2xl font-medium title-font mb-4 text-gray-900 text-left\">\n<h2 class=\"wp-block-heading\">Our Commitment to Information<\/h2>\n<\/div><div class=\"mx-5 sm:mx-0 prose leading-relaxed text-lg mb-5 text-left wp-paragraph\">\n<p>Jogos No Android does not promote brands or engage in disguised advertorials. All content published here is selected with editorial independence and produced responsibly, taking into account what truly resonates with those seeking practical guidance, reliable entertainment, or useful knowledge.<\/p>\n<\/div><div class=\"mx-5 sm:mx-0 prose leading-relaxed text-lg mb-5 text-left wp-paragraph\">\n<p>N\u00e3o vendemos atalhos. Acreditamos que a melhor experi\u00eancia digital \u00e9 aquela que respeita o tempo do leitor, oferece informa\u00e7\u00f5es verdadeiras e ajuda a tomar boas decis\u00f5es \u2014 seja na hora de instalar um app ou escolher um jogo para relaxar.<\/p>\n<\/div>","protected":false},"excerpt":{"rendered":"<p>O Jogos No Android \u00e9 um portal informativo que une o que h\u00e1 de mais interessante e relevante no ambiente digital. Criamos este espa\u00e7o para quem gosta de estar por dentro de tudo o que facilita a rotina, diverte e tamb\u00e9m oferece um toque de entretenimento. Aqui, voc\u00ea vai encontrar tudo sobre apps \u00fateis, jogos&hellip; <a class=\"more-link\" href=\"https:\/\/jogosnoandroid.com\/ca\/about\/\">Continue reading <span class=\"screen-reader-text\">About Us<\/span><\/a><\/p>","protected":false},"author":26,"featured_media":0,"parent":0,"menu_order":0,"comment_status":"closed","ping_status":"closed","template":"","meta":{"footnotes":""},"yoast_head":"<!-- This site is optimized with the Yoast SEO plugin v23.3 - https:\/\/yoast.com\/wordpress\/plugins\/seo\/ -->\n<title>Sobre N\u00f3s - Jogos no Android<\/title>\n<meta name=\"robots\" content=\"index, follow, max-snippet:-1, max-image-preview:large, max-video-preview:-1\" \/>\n<link rel=\"canonical\" href=\"https:\/\/jogosnoandroid.com\/ca\/about\/\" \/>\n<meta property=\"og:locale\" content=\"en_US\" \/>\n<meta property=\"og:type\" content=\"article\" \/>\n<meta property=\"og:title\" content=\"Sobre N\u00f3s - Jogos no Android\" \/>\n<meta property=\"og:description\" content=\"O Jogos No Android \u00e9 um portal informativo que une o que h\u00e1 de mais interessante e relevante no ambiente digital. Criamos este espa\u00e7o para quem gosta de estar por dentro de tudo o que facilita a rotina, diverte e tamb\u00e9m oferece um toque de entretenimento. Aqui, voc\u00ea vai encontrar tudo sobre apps \u00fateis, jogos&hellip; Continue reading Sobre N\u00f3s\" \/>\n<meta property=\"og:url\" content=\"https:\/\/jogosnoandroid.com\/ca\/about\/\" \/>\n<meta property=\"og:site_name\" content=\"Jogos no Android\" \/>\n<meta property=\"article:modified_time\" content=\"2026-04-07T09:13:32+00:00\" \/>\n<meta name=\"twitter:card\" content=\"summary_large_image\" \/>\n<meta name=\"twitter:label1\" content=\"Est. reading time\" \/>\n\t<meta name=\"twitter:data1\" content=\"3 minutes\" \/>\n<script type=\"application\/ld+json\" class=\"yoast-schema-graph\">{\"@context\":\"https:\/\/schema.org\",\"@graph\":[{\"@type\":\"WebPage\",\"@id\":\"https:\/\/jogosnoandroid.com\/about\/\",\"url\":\"https:\/\/jogosnoandroid.com\/about\/\",\"name\":\"Sobre N\u00f3s - Jogos no Android\",\"isPartOf\":{\"@id\":\"https:\/\/jogosnoandroid.com\/#website\"},\"datePublished\":\"2022-10-14T03:12:01+00:00\",\"dateModified\":\"2026-04-07T09:13:32+00:00\",\"breadcrumb\":{\"@id\":\"https:\/\/jogosnoandroid.com\/about\/#breadcrumb\"},\"inLanguage\":\"en-CA\",\"potentialAction\":[{\"@type\":\"ReadAction\",\"target\":[\"https:\/\/jogosnoandroid.com\/about\/\"]}]},{\"@type\":\"BreadcrumbList\",\"@id\":\"https:\/\/jogosnoandroid.com\/about\/#breadcrumb\",\"itemListElement\":[{\"@type\":\"ListItem\",\"position\":1,\"name\":\"Home\",\"item\":\"https:\/\/jogosnoandroid.com\/\"},{\"@type\":\"ListItem\",\"position\":2,\"name\":\"Sobre N\u00f3s\"}]},{\"@type\":\"WebSite\",\"@id\":\"https:\/\/jogosnoandroid.com\/#website\",\"url\":\"https:\/\/jogosnoandroid.com\/\",\"name\":\"Jogos no Android\",\"description\":\"\",\"potentialAction\":[{\"@type\":\"SearchAction\",\"target\":{\"@type\":\"EntryPoint\",\"urlTemplate\":\"https:\/\/jogosnoandroid.com\/?s={search_term_string}\"},\"query-input\":\"required name=search_term_string\"}],\"inLanguage\":\"en-CA\"}]}<\/script>\n<!-- \/ Yoast SEO plugin. -->","yoast_head_json":{"title":"Sobre N\u00f3s - Jogos no Android","robots":{"index":"index","follow":"follow","max-snippet":"max-snippet:-1","max-image-preview":"max-image-preview:large","max-video-preview":"max-video-preview:-1"},"canonical":"https:\/\/jogosnoandroid.com\/ca\/about\/","og_locale":"en_US","og_type":"article","og_title":"Sobre N\u00f3s - Jogos no Android","og_description":"O Jogos No Android \u00e9 um portal informativo que une o que h\u00e1 de mais interessante e relevante no ambiente digital. Criamos este espa\u00e7o para quem gosta de estar por dentro de tudo o que facilita a rotina, diverte e tamb\u00e9m oferece um toque de entretenimento. Aqui, voc\u00ea vai encontrar tudo sobre apps \u00fateis, jogos&hellip; Continue reading Sobre N\u00f3s","og_url":"https:\/\/jogosnoandroid.com\/ca\/about\/","og_site_name":"Jogos no Android","article_modified_time":"2026-04-07T09:13:32+00:00","twitter_card":"summary_large_image","twitter_misc":{"Est. reading time":"3 minutes"},"schema":{"@context":"https:\/\/schema.org","@graph":[{"@type":"WebPage","@id":"https:\/\/jogosnoandroid.com\/about\/","url":"https:\/\/jogosnoandroid.com\/about\/","name":"Sobre N\u00f3s - Jogos no Android","isPartOf":{"@id":"https:\/\/jogosnoandroid.com\/#website"},"datePublished":"2022-10-14T03:12:01+00:00","dateModified":"2026-04-07T09:13:32+00:00","breadcrumb":{"@id":"https:\/\/jogosnoandroid.com\/about\/#breadcrumb"},"inLanguage":"en-CA","potentialAction":[{"@type":"ReadAction","target":["https:\/\/jogosnoandroid.com\/about\/"]}]},{"@type":"BreadcrumbList","@id":"https:\/\/jogosnoandroid.com\/about\/#breadcrumb","itemListElement":[{"@type":"ListItem","position":1,"name":"Home","item":"https:\/\/jogosnoandroid.com\/"},{"@type":"ListItem","position":2,"name":"Sobre N\u00f3s"}]},{"@type":"WebSite","@id":"https:\/\/jogosnoandroid.com\/#website","url":"https:\/\/jogosnoandroid.com\/","name":"Jogos no Android","description":"","potentialAction":[{"@type":"SearchAction","target":{"@type":"EntryPoint","urlTemplate":"https:\/\/jogosnoandroid.com\/?s={search_term_string}"},"query-input":"required name=search_term_string"}],"inLanguage":"en-CA"}]}},"_links":{"self":[{"href":"https:\/\/jogosnoandroid.com\/ca\/wp-json\/wp\/v2\/pages\/28"}],"collection":[{"href":"https:\/\/jogosnoandroid.com\/ca\/wp-json\/wp\/v2\/pages"}],"about":[{"href":"https:\/\/jogosnoandroid.com\/ca\/wp-json\/wp\/v2\/types\/page"}],"author":[{"embeddable":true,"href":"https:\/\/jogosnoandroid.com\/ca\/wp-json\/wp\/v2\/users\/26"}],"replies":[{"embeddable":true,"href":"https:\/\/jogosnoandroid.com\/ca\/wp-json\/wp\/v2\/comments?post=28"}],"version-history":[{"count":8,"href":"https:\/\/jogosnoandroid.com\/ca\/wp-json\/wp\/v2\/pages\/28\/revisions"}],"predecessor-version":[{"id":15558,"href":"https:\/\/jogosnoandroid.com\/ca\/wp-json\/wp\/v2\/pages\/28\/revisions\/15558"}],"wp:attachment":[{"href":"https:\/\/jogosnoandroid.com\/ca\/wp-json\/wp\/v2\/media?parent=28"}],"curies":[{"name":"wp","href":"https:\/\/api.w.org\/{rel}","templated":true}]}}